{"id":943,"date":"2018-09-05T19:24:52","date_gmt":"2018-09-05T17:24:52","guid":{"rendered":"https:\/\/iesomendavia.educacion.navarra.es\/web1\/?page_id=943"},"modified":"2025-03-24T09:38:35","modified_gmt":"2025-03-24T08:38:35","slug":"mision-vision-y-valores","status":"publish","type":"page","link":"https:\/\/iesomendavia.educacion.navarra.es\/web1\/mision-vision-y-valores\/","title":{"rendered":"Misi\u00f3n, Visi\u00f3n y Valores"},"content":{"rendered":"<p>Hemos renovado la misi\u00f3n, visi\u00f3n y valores en nuestro proyecto educativo. La \u00abMisi\u00f3n\u00bb define nuestra raz\u00f3n de ser, el fin que queremos conseguir. Para ello la \u00abVisi\u00f3n\u00bb nos marca las metas que queremos alcanzar y todo ello con unos \u00abValores\u00bb que son los principios, actitudes y conductas con las que queremos conseguir todo lo anterior.<\/p>\n\n\n<figure class=\"wp-block-image size-large\"><img loading=\"lazy\" width=\"725\" height=\"1024\" src=\"https:\/\/iesomendavia.educacion.navarra.es\/web1\/wp-content\/uploads\/2025\/03\/MVV-1_page-0001-725x1024.jpg\" alt=\"\" class=\"wp-image-5244\" srcset=\"https:\/\/iesomendavia.educacion.navarra.es\/web1\/wp-content\/uploads\/2025\/03\/MVV-1_page-0001-725x1024.jpg 725w, https:\/\/iesomendavia.educacion.navarra.es\/web1\/wp-content\/uploads\/2025\/03\/MVV-1_page-0001-212x300.jpg 212w, https:\/\/iesomendavia.educacion.navarra.es\/web1\/wp-content\/uploads\/2025\/03\/MVV-1_page-0001-768x1085.jpg 768w, https:\/\/iesomendavia.educacion.navarra.es\/web1\/wp-content\/uploads\/2025\/03\/MVV-1_page-0001-1087x1536.jpg 1087w, https:\/\/iesomendavia.educacion.navarra.es\/web1\/wp-content\/uploads\/2025\/03\/MVV-1_page-0001-1449x2048.jpg 1449w, https:\/\/iesomendavia.educacion.navarra.es\/web1\/wp-content\/uploads\/2025\/03\/MVV-1_page-0001.jpg 1755w\" sizes=\"(max-width: 725px) 100vw, 725px\" \/><\/figure>\n\n\n\n<p><\/p>\n","protected":false},"excerpt":{"rendered":"<p>Hemos renovado la misi\u00f3n, visi\u00f3n y valores en nuestro proyecto educativo. La \u00abMisi\u00f3n\u00bb define nuestra raz\u00f3n de ser, el fin que queremos conseguir. Para ello la \u00abVisi\u00f3n\u00bb nos marca las metas que queremos alcanzar y todo ello con unos \u00abValores\u00bb que son los principios, actitudes y conductas con las que queremos conseguir todo lo anterior.<\/p>\n","protected":false},"author":1,"featured_media":0,"parent":0,"menu_order":0,"comment_status":"closed","ping_status":"closed","template":"","meta":{"_genesis_hide_title":false,"_genesis_hide_breadcrumbs":false,"_genesis_hide_singular_image":false,"_genesis_hide_footer_widgets":false,"_genesis_custom_body_class":"","_genesis_custom_post_class":"","_genesis_layout":"full-width-content"},"_links":{"self":[{"href":"https:\/\/iesomendavia.educacion.navarra.es\/web1\/wp-json\/wp\/v2\/pages\/943"}],"collection":[{"href":"https:\/\/iesomendavia.educacion.navarra.es\/web1\/wp-json\/wp\/v2\/pages"}],"about":[{"href":"https:\/\/iesomendavia.educacion.navarra.es\/web1\/wp-json\/wp\/v2\/types\/page"}],"author":[{"embeddable":true,"href":"https:\/\/iesomendavia.educacion.navarra.es\/web1\/wp-json\/wp\/v2\/users\/1"}],"replies":[{"embeddable":true,"href":"https:\/\/iesomendavia.educacion.navarra.es\/web1\/wp-json\/wp\/v2\/comments?post=943"}],"version-history":[{"count":13,"href":"https:\/\/iesomendavia.educacion.navarra.es\/web1\/wp-json\/wp\/v2\/pages\/943\/revisions"}],"predecessor-version":[{"id":5245,"href":"https:\/\/iesomendavia.educacion.navarra.es\/web1\/wp-json\/wp\/v2\/pages\/943\/revisions\/5245"}],"wp:attachment":[{"href":"https:\/\/iesomendavia.educacion.navarra.es\/web1\/wp-json\/wp\/v2\/media?parent=943"}],"curies":[{"name":"wp","href":"https:\/\/api.w.org\/{rel}","templated":true}]}}