{"id":5306,"date":"2025-05-20T14:02:19","date_gmt":"2025-05-20T12:02:19","guid":{"rendered":"https:\/\/iesomendavia.educacion.navarra.es\/web1\/?page_id=5306"},"modified":"2025-05-20T14:02:20","modified_gmt":"2025-05-20T12:02:20","slug":"publicaciones-erasmus","status":"publish","type":"page","link":"https:\/\/iesomendavia.educacion.navarra.es\/web1\/publicaciones-erasmus\/","title":{"rendered":"Publicaciones Erasmus+"},"content":{"rendered":"\n<p>El proyecto 2022-1-ES01-KA120-SCH-000110656 est\u00e1 cofinanciado por la Uni\u00f3n<\/p>\n\n\n\n<p>Europea. Las opiniones y puntos de vista expresados (en esta nota de<\/p>\n\n\n\n<p>prensa\/comunicado\/publicaci\u00f3n\/etc.) s\u00f3lo comprometen a su(s) autor(es)<\/p>\n\n\n\n<p>(nombre del centro educativo u organizaci\u00f3n de educaci\u00f3n y formaci\u00f3n) y no<\/p>\n\n\n\n<p>reflejan necesariamente los de la Uni\u00f3n Europea ni los del Servicio Espa\u00f1ol<\/p>\n\n\n\n<p>para la Internacionalizaci\u00f3n de la Educaci\u00f3n (SEPIE). Ni la Uni\u00f3n Europea ni la<\/p>\n\n\n\n<p>Agencia Nacional SEPIE pueden ser considerados responsables de ellos<\/p>\n","protected":false},"excerpt":{"rendered":"<p>El proyecto 2022-1-ES01-KA120-SCH-000110656 est\u00e1 cofinanciado por la Uni\u00f3n Europea. Las opiniones y puntos de vista expresados (en esta nota de prensa\/comunicado\/publicaci\u00f3n\/etc.) s\u00f3lo comprometen a su(s) autor(es) (nombre del centro educativo u organizaci\u00f3n de educaci\u00f3n y formaci\u00f3n) y no reflejan necesariamente los de la Uni\u00f3n Europea ni los del Servicio Espa\u00f1ol para la Internacionalizaci\u00f3n de la [&hellip;]<\/p>\n","protected":false},"author":1,"featured_media":0,"parent":0,"menu_order":0,"comment_status":"closed","ping_status":"closed","template":"","meta":{"_genesis_hide_title":false,"_genesis_hide_breadcrumbs":false,"_genesis_hide_singular_image":false,"_genesis_hide_footer_widgets":false,"_genesis_custom_body_class":"","_genesis_custom_post_class":"","_genesis_layout":""},"_links":{"self":[{"href":"https:\/\/iesomendavia.educacion.navarra.es\/web1\/wp-json\/wp\/v2\/pages\/5306"}],"collection":[{"href":"https:\/\/iesomendavia.educacion.navarra.es\/web1\/wp-json\/wp\/v2\/pages"}],"about":[{"href":"https:\/\/iesomendavia.educacion.navarra.es\/web1\/wp-json\/wp\/v2\/types\/page"}],"author":[{"embeddable":true,"href":"https:\/\/iesomendavia.educacion.navarra.es\/web1\/wp-json\/wp\/v2\/users\/1"}],"replies":[{"embeddable":true,"href":"https:\/\/iesomendavia.educacion.navarra.es\/web1\/wp-json\/wp\/v2\/comments?post=5306"}],"version-history":[{"count":1,"href":"https:\/\/iesomendavia.educacion.navarra.es\/web1\/wp-json\/wp\/v2\/pages\/5306\/revisions"}],"predecessor-version":[{"id":5307,"href":"https:\/\/iesomendavia.educacion.navarra.es\/web1\/wp-json\/wp\/v2\/pages\/5306\/revisions\/5307"}],"wp:attachment":[{"href":"https:\/\/iesomendavia.educacion.navarra.es\/web1\/wp-json\/wp\/v2\/media?parent=5306"}],"curies":[{"name":"wp","href":"https:\/\/api.w.org\/{rel}","templated":true}]}}