{"id":3375,"date":"2019-12-10T14:08:54","date_gmt":"2019-12-10T13:08:54","guid":{"rendered":"https:\/\/iesomendavia.educacion.navarra.es\/web1\/?page_id=3375"},"modified":"2024-09-30T11:39:33","modified_gmt":"2024-09-30T09:39:33","slug":"asignaturas-y-resumenes-de-programacion-de-4oeso","status":"publish","type":"page","link":"https:\/\/iesomendavia.educacion.navarra.es\/web1\/asignaturas-y-resumenes-de-programacion-de-4oeso\/","title":{"rendered":"Asignaturas y res\u00famenes de programaci\u00f3n de 4\u00baESO"},"content":{"rendered":"\n<p>Haciendo clic en el nombre de la asignatura tendr\u00e1s acceso al resumen de la programaci\u00f3n de la misma.  <\/p>\n\n\n\n<figure class=\"wp-block-table\"><table><tbody><tr><td><a href=\"https:\/\/docs.google.com\/spreadsheets\/d\/1h0vY77cUf_5ler_0Sfzgpzu2jmFtOAzQS8NtMNRK-bM\/edit?usp=sharing\" target=\"_blank\" rel=\"noreferrer noopener\">Biolog\u00eda y Geolog\u00eda<\/a><\/td><\/tr><tr><td><a href=\"https:\/\/docs.google.com\/spreadsheets\/d\/1Z5S1SP0g9Q3n-_Aqy506kwrSQTqNCDUngJy7hZuxOyY\/edit?usp=sharing\">Comunicaci\u00f3n audiovisual<\/a><\/td><\/tr><tr><td><a href=\"https:\/\/docs.google.com\/spreadsheets\/d\/1O3WnDRHRaA9wTJyjd09mNQyUAyFeljqZrJul4MAB2EA\/edit#gid=0\" target=\"_blank\" rel=\"noreferrer noopener\">Econom\u00eda<\/a><\/td><\/tr><tr><td><a href=\"https:\/\/docs.google.com\/spreadsheets\/d\/e\/2PACX-1vT60nYWfJu_9E9r7eyr9ZQrrRKeaOi_THNdvkB2tHa8nPyYE0rs32RIpYuIJ6OrogzAxB81e8TI6ZoW\/pubhtml?gid=0&amp;single=true\" target=\"_blank\" rel=\"noreferrer noopener\">Educaci\u00f3n F\u00edsica<\/a><\/td><\/tr><tr><td><a href=\"https:\/\/docs.google.com\/spreadsheets\/d\/1j-ZIJKPBYiQKpuyEPV2WmfoQU9VbRzehDDkvcaVqQuI\/edit#gid=0\" target=\"_blank\" rel=\"noreferrer noopener\">F\u00edsica y Qu\u00edmica<\/a><\/td><\/tr><tr><td><a href=\"https:\/\/docs.google.com\/spreadsheets\/d\/10ED8HebgFhxLIVkbxXYwFWSJpkvfzJm5\/edit?gid=1276974772#gid=1276974772\" target=\"_blank\" rel=\"noreferrer noopener\">Geograf\u00eda e Historia<\/a><\/td><\/tr><tr><td><a href=\"https:\/\/docs.google.com\/spreadsheets\/d\/1r6r-XwDxZ6dzmoFUNEhhKGhXNhik8B5YN_uTASvEdMg\/edit?usp=sharing\" target=\"_blank\" rel=\"noreferrer noopener\">Lat\u00edn<\/a><\/td><\/tr><tr><td><a href=\"https:\/\/docs.google.com\/spreadsheets\/d\/e\/2PACX-1vRhvGwMJzQiWg0pRk_kLnsjgR7xC-lYe_DR9GMghcW6tnHmVkFfZAw0eZyDUFn2Tu11jv1Ls9rZCTcs\/pubhtml?gid=0&amp;single=true\" target=\"_blank\" rel=\"noreferrer noopener\">Lengua Castellana y Literatura Acad\u00e9micas<\/a><\/td><\/tr><tr><td><a href=\"https:\/\/docs.google.com\/spreadsheets\/d\/e\/2PACX-1vQdkmy4hRHJ_eEWzC6JWjjj0N7y4RRrSfWKyMzGqY9yF0bV5pwCexbQaOFAdiuqrkYzFXAOK25_6IbR\/pubhtml?gid=828082940&amp;single=true\" target=\"_blank\" rel=\"noreferrer noopener\">Lengua Vasca y Literatura<\/a><\/td><\/tr><tr><td><a href=\"https:\/\/docs.google.com\/spreadsheets\/d\/1kKhuLY3cmOsGjMEMglwDLUt2IoKhX2JWiIjFqoKXO6Y\/edit?usp=sharing\" target=\"_blank\" rel=\"noreferrer noopener\">Matem\u00e1ticas Orientadas a las Ense\u00f1anzas Acad\u00e9micas<\/a><\/td><\/tr><tr><td><a href=\"https:\/\/docs.google.com\/spreadsheets\/d\/1kY3dsfrCyEabcYbJ7JsCS0WLqUuMyKLFKwhgCw_gbfk\/edit#gid=0\" target=\"_blank\" rel=\"noreferrer noopener\">Matem\u00e1ticas Orientadas a las Ense\u00f1anzas Aplicadas<\/a><\/td><\/tr><tr><td><a href=\"https:\/\/docs.google.com\/spreadsheets\/d\/1KcYzZPlH8CfsxL4_0owzi_5WKZWdKDAS-bowEF7cxFY\/edit#gid=0\" target=\"_blank\" rel=\"noreferrer noopener\">Primera Lengua Extranjera Ingl\u00e9s<\/a><\/td><\/tr><tr><td><a href=\"https:\/\/docs.google.com\/spreadsheets\/d\/e\/2PACX-1vQ7NZqC0RutahKMQNVettSsgZB1ECGSZFUMZfuikVs_NWE11uk1uCd-Loj08B8-Il1I-FV067IF_L5f\/pubhtml?gid=1371947586&amp;single=true\" target=\"_blank\" rel=\"noreferrer noopener\">Religi\u00f3n<\/a><\/td><\/tr><tr><td><a href=\"https:\/\/docs.google.com\/spreadsheets\/d\/e\/2PACX-1vSDHeMxP3M8RgR9cfqZoRy1LaE4infki3epoFegIMmVuiaov1n1ZhP-V8W1XGdZ7vYrI_IqmubU5ml9\/pubhtml?gid=0&amp;single=true\" target=\"_blank\" rel=\"noreferrer noopener\">Segunda Lengua Extranjera Franc\u00e9s<\/a><\/td><\/tr><tr><td><a href=\"https:\/\/docs.google.com\/spreadsheets\/d\/e\/2PACX-1vR8yRYzzPUrYhy82iHy7hMca9Iir1n8oULRTQgFrAS3JHO55T8HP40RXvPiHwahd1L6JQGDYcDn0Juf\/pubhtml?gid=0&amp;single=true\" target=\"_blank\" rel=\"noreferrer noopener\">Digitalizaci\u00f3n<\/a><\/td><\/tr><tr><td><a href=\"https:\/\/docs.google.com\/spreadsheets\/d\/1ijyypTk7fvry_T-VW-RUJSo_T4CCviBgZtB7zEgEBCk\/edit?usp=sharing\" target=\"_blank\" rel=\"noreferrer noopener\">Digitalizaci\u00f3n franc\u00e9s<\/a> <\/td><\/tr><\/tbody><\/table><\/figure>\n\n\n\n<p><\/p>\n","protected":false},"excerpt":{"rendered":"<p>Haciendo clic en el nombre de la asignatura tendr\u00e1s acceso al resumen de la programaci\u00f3n de la misma. Biolog\u00eda y Geolog\u00eda Comunicaci\u00f3n audiovisual Econom\u00eda Educaci\u00f3n F\u00edsica F\u00edsica y Qu\u00edmica Geograf\u00eda e Historia Lat\u00edn Lengua Castellana y Literatura Acad\u00e9micas Lengua Vasca y Literatura Matem\u00e1ticas Orientadas a las Ense\u00f1anzas Acad\u00e9micas Matem\u00e1ticas Orientadas a las Ense\u00f1anzas Aplicadas Primera [&hellip;]<\/p>\n","protected":false},"author":1,"featured_media":0,"parent":0,"menu_order":0,"comment_status":"closed","ping_status":"closed","template":"","meta":{"_genesis_hide_title":false,"_genesis_hide_breadcrumbs":false,"_genesis_hide_singular_image":false,"_genesis_hide_footer_widgets":false,"_genesis_custom_body_class":"","_genesis_custom_post_class":"","_genesis_layout":""},"_links":{"self":[{"href":"https:\/\/iesomendavia.educacion.navarra.es\/web1\/wp-json\/wp\/v2\/pages\/3375"}],"collection":[{"href":"https:\/\/iesomendavia.educacion.navarra.es\/web1\/wp-json\/wp\/v2\/pages"}],"about":[{"href":"https:\/\/iesomendavia.educacion.navarra.es\/web1\/wp-json\/wp\/v2\/types\/page"}],"author":[{"embeddable":true,"href":"https:\/\/iesomendavia.educacion.navarra.es\/web1\/wp-json\/wp\/v2\/users\/1"}],"replies":[{"embeddable":true,"href":"https:\/\/iesomendavia.educacion.navarra.es\/web1\/wp-json\/wp\/v2\/comments?post=3375"}],"version-history":[{"count":29,"href":"https:\/\/iesomendavia.educacion.navarra.es\/web1\/wp-json\/wp\/v2\/pages\/3375\/revisions"}],"predecessor-version":[{"id":5026,"href":"https:\/\/iesomendavia.educacion.navarra.es\/web1\/wp-json\/wp\/v2\/pages\/3375\/revisions\/5026"}],"wp:attachment":[{"href":"https:\/\/iesomendavia.educacion.navarra.es\/web1\/wp-json\/wp\/v2\/media?parent=3375"}],"curies":[{"name":"wp","href":"https:\/\/api.w.org\/{rel}","templated":true}]}}