{"id":3363,"date":"2019-12-10T11:35:48","date_gmt":"2019-12-10T10:35:48","guid":{"rendered":"https:\/\/iesomendavia.educacion.navarra.es\/web1\/?page_id=3363"},"modified":"2024-09-23T11:41:09","modified_gmt":"2024-09-23T09:41:09","slug":"asignaturas-y-resumenes-de-programacion-de-3oeso","status":"publish","type":"page","link":"https:\/\/iesomendavia.educacion.navarra.es\/web1\/asignaturas-y-resumenes-de-programacion-de-3oeso\/","title":{"rendered":"Asignaturas y res\u00famenes de programaci\u00f3n de 3\u00baESO"},"content":{"rendered":"\n<p>Haciendo clic en el nombre de la asignatura tendr\u00e1s acceso al resumen de la programaci\u00f3n de la misma.  <\/p>\n\n\n\n<figure class=\"wp-block-table\"><table><tbody><tr><td><a href=\"https:\/\/docs.google.com\/spreadsheets\/d\/1Q9Nho7taiD3OPYt2KhlmU_J8_LtkkQ5i8VWmjpFiOo4\/edit?usp=sharing\" target=\"_blank\" rel=\"noreferrer noopener\">Biolog\u00eda y Geolog\u00eda<\/a><\/td><\/tr><tr><td><a href=\"https:\/\/docs.google.com\/spreadsheets\/d\/1bpFsD1tiink3E_sTedvd_iom9FxJfZrvVGpuQptjCPo\/edit?usp=sharing\" target=\"_blank\" rel=\"noreferrer noopener\">Competencia Digital<\/a><\/td><\/tr><tr><td><a href=\"https:\/\/docs.google.com\/spreadsheets\/d\/e\/2PACX-1vRCdXHSQnA11CnoJEke7xG4Ba8skTnciv5cnpfUUrGp4uh5txjfmfrKwRn6em4fJ6H7ZfksCRYjJFpj\/pubhtml?gid=0&amp;single=true\" target=\"_blank\" rel=\"noreferrer noopener\">Educaci\u00f3n F\u00edsica<\/a><\/td><\/tr><tr><td><a href=\"https:\/\/docs.google.com\/spreadsheets\/d\/e\/2PACX-1vSsMM_dlyliD5LtT0Alr2jyc3CdGyvqs8sPOVSvRS5Zpqa8TN3emuMIHuRODWwYdjmdJXRktQiL_GZG\/pubhtml?gid=0&amp;single=true\" target=\"_blank\" rel=\"noreferrer noopener\">Educaci\u00f3n Pl\u00e1stica, Visual y Audiovisual<\/a><\/td><\/tr><tr><td><a href=\"https:\/\/docs.google.com\/spreadsheets\/d\/1KpQ1bTirexAjKIxBBFDp2HyygW9DADSgxB_10e68HLI\/edit#gid=0\" target=\"_blank\" rel=\"noreferrer noopener\">F\u00edsica y Qu\u00edmica<\/a><\/td><\/tr><tr><td><a href=\"https:\/\/docs.google.com\/spreadsheets\/d\/1Nm1sKy1HwadgB8DpT2pGC69ZzSoP6GY1Tf7SDwc1DeI\/edit#gid=880968962\" target=\"_blank\" rel=\"noreferrer noopener\">Geograf\u00eda e Historia<\/a><\/td><\/tr><tr><td><a href=\"https:\/\/docs.google.com\/spreadsheets\/d\/1DGPXZ5Pjks2SmvtvSOJRorOBqaH1Ehdqn-QGJEkc8gQ\/edit?usp=sharing\" target=\"_blank\" rel=\"noreferrer noopener\">Geograf\u00eda e Historia Secci\u00f3n Pluriling\u00fce<\/a><\/td><\/tr><tr><td><a href=\"https:\/\/docs.google.com\/spreadsheets\/d\/1iBgTw0FXQ24QYMBs2cdr9iOg7jASDnjVR9DTCZq2KH4\/edit?usp=sharing\" target=\"_blank\" rel=\"noreferrer noopener\">Lengua Castellana y Literatura<\/a><\/td><\/tr><tr><td><a href=\"https:\/\/docs.google.com\/spreadsheets\/d\/1I0uNQ1i-hqT_T2gOdi18JoDaADeWHvXa8e0wn4zDQ3I\/edit?usp=sharing\" target=\"_blank\" rel=\"noreferrer noopener\">Lengua Vasca y Literatura<\/a><\/td><\/tr><tr><td>Matem\u00e1ticas<\/td><\/tr><tr><td><a href=\"https:\/\/docs.google.com\/spreadsheets\/d\/1Uxc65QKEzm-j1LyCTeKeB8QOIA0tp-8fZ80qZcQIbBA\/edit?usp=sharing\" target=\"_blank\" rel=\"noreferrer noopener\">M\u00fasica<\/a><\/td><\/tr><tr><td><a href=\"https:\/\/docs.google.com\/spreadsheets\/d\/e\/2PACX-1vSEMLPXbYkKEuzl9-2imfG19HhTaD4du46RJDLaUdrdRxCeMdkFCicWcdfmUfgVKL9mwbtj2JVNZOSf\/pubhtml?gid=0&amp;single=true\" target=\"_blank\" rel=\"noreferrer noopener\">Primera Lengua Extranjera Ingl\u00e9s<\/a><\/td><\/tr><tr><td><a href=\"https:\/\/docs.google.com\/spreadsheets\/d\/e\/2PACX-1vQ0ky_6C-lhb0J42qpjK7BLjaqb2HvOIsvUGuHGEl9lwxJNLZc7504HCkkhvjtAbkEaNngsAAs0G2bC\/pubhtml?gid=1742705709&amp;single=true\" target=\"_blank\" rel=\"noreferrer noopener\">Religi\u00f3n<\/a><\/td><\/tr><tr><td><a href=\"https:\/\/docs.google.com\/spreadsheets\/d\/11cpRk69x5UqPbyYm_ceRdv3QYTah9CReF9vNc0UIc30\/edit?usp=sharing\" target=\"_blank\" rel=\"noreferrer noopener\">Segunda Lengua Extranjera Franc\u00e9s<\/a><\/td><\/tr><\/tbody><\/table><\/figure>\n\n\n\n<p><\/p>\n","protected":false},"excerpt":{"rendered":"<p>Haciendo clic en el nombre de la asignatura tendr\u00e1s acceso al resumen de la programaci\u00f3n de la misma. Biolog\u00eda y Geolog\u00eda Competencia Digital Educaci\u00f3n F\u00edsica Educaci\u00f3n Pl\u00e1stica, Visual y Audiovisual F\u00edsica y Qu\u00edmica Geograf\u00eda e Historia Geograf\u00eda e Historia Secci\u00f3n Pluriling\u00fce Lengua Castellana y Literatura Lengua Vasca y Literatura Matem\u00e1ticas M\u00fasica Primera Lengua Extranjera Ingl\u00e9s [&hellip;]<\/p>\n","protected":false},"author":1,"featured_media":0,"parent":0,"menu_order":0,"comment_status":"closed","ping_status":"closed","template":"","meta":{"_genesis_hide_title":false,"_genesis_hide_breadcrumbs":false,"_genesis_hide_singular_image":false,"_genesis_hide_footer_widgets":false,"_genesis_custom_body_class":"","_genesis_custom_post_class":"","_genesis_layout":""},"_links":{"self":[{"href":"https:\/\/iesomendavia.educacion.navarra.es\/web1\/wp-json\/wp\/v2\/pages\/3363"}],"collection":[{"href":"https:\/\/iesomendavia.educacion.navarra.es\/web1\/wp-json\/wp\/v2\/pages"}],"about":[{"href":"https:\/\/iesomendavia.educacion.navarra.es\/web1\/wp-json\/wp\/v2\/types\/page"}],"author":[{"embeddable":true,"href":"https:\/\/iesomendavia.educacion.navarra.es\/web1\/wp-json\/wp\/v2\/users\/1"}],"replies":[{"embeddable":true,"href":"https:\/\/iesomendavia.educacion.navarra.es\/web1\/wp-json\/wp\/v2\/comments?post=3363"}],"version-history":[{"count":27,"href":"https:\/\/iesomendavia.educacion.navarra.es\/web1\/wp-json\/wp\/v2\/pages\/3363\/revisions"}],"predecessor-version":[{"id":5005,"href":"https:\/\/iesomendavia.educacion.navarra.es\/web1\/wp-json\/wp\/v2\/pages\/3363\/revisions\/5005"}],"wp:attachment":[{"href":"https:\/\/iesomendavia.educacion.navarra.es\/web1\/wp-json\/wp\/v2\/media?parent=3363"}],"curies":[{"name":"wp","href":"https:\/\/api.w.org\/{rel}","templated":true}]}}